{"id":1996,"date":"2023-09-27T03:45:07","date_gmt":"2023-09-27T03:45:07","guid":{"rendered":"https:\/\/www.dentalmed.lu\/perguntas-frequentes\/"},"modified":"2026-04-29T18:55:01","modified_gmt":"2026-04-29T18:55:01","slug":"perguntas-frequentes","status":"publish","type":"page","link":"https:\/\/www.dentalmed.lu\/pt-pt\/perguntas-frequentes\/","title":{"rendered":"Perguntas Frequentes"},"content":{"rendered":"\t\t<div data-elementor-type=\"wp-page\" data-elementor-id=\"1996\" class=\"elementor elementor-1996 elementor-102\" data-elementor-post-type=\"page\">\n\t\t\t\t\t\t<section class=\"elementor-section elementor-top-section elementor-element elementor-element-4003e6b pbmit-col-stretched-none pbmit-bg-color-over-image elementor-section-boxed elementor-section-height-default elementor-section-height-default\" data-id=\"4003e6b\" data-element_type=\"section\" data-e-type=\"section\">\n\t\t\t\t\t\t<div class=\"elementor-container elementor-column-gap-no\">\n\t\t\t\t\t<div class=\"elementor-column elementor-col-100 elementor-top-column elementor-element elementor-element-d0fb017 pbmit-bg-color-yes pbmit-elementor-bg-color-light pbmit-bg-color-over-image\" data-id=\"d0fb017\" data-element_type=\"column\" data-e-type=\"column\">\n\t\t\t<div class=\"elementor-widget-wrap elementor-element-populated\">\n\t\t\t\t\t\t<div class=\"elementor-element elementor-element-552b75a elementor-widget__width-initial elementor-widget elementor-widget-pbmit_heading\" data-id=\"552b75a\" data-element_type=\"widget\" data-e-type=\"widget\" data-widget_type=\"pbmit_heading.default\">\n\t\t\t\t<div class=\"elementor-widget-container\">\n\t\t\t\t\t <div class=\"pbmit-heading-subheading pbmit-heading-subheading-style-1 pbmit-reverse-heading-yes animation-style2\"><h4 class=\"pbmit-element-subtitle\"><span>\r\n\t\t\t\t<\/span>\r\n\t\t\t\t\r\n\t\t\t\t\tPerguntas Frequentes \r\n\t\t\t\t\r\n\t\t\t\t<\/h4>\r\n\t\t\t<h1 class=\"pbmit-element-title\">\r\n\t\t\t\t\r\n\t\t\t\t\tCl\u00ednica Dental Med no Luxemburgo\r\n\t\t\t\t\r\n\t\t\t\t<\/h1>\r\n\t\t\t<div class=\"pbmit-heading-desc\">Tem alguma quest\u00e3o antes de marcar uma consulta? Aqui encontrar\u00e1 as respostas \u00e0s perguntas que nos s\u00e3o feitas com mais frequ\u00eancia. E se a sua quest\u00e3o n\u00e3o estiver aqui \u2014 ligue-nos diretamente: +352 261270.<\/div><\/div>\t\t\t\t<\/div>\n\t\t\t\t<\/div>\n\t\t\t\t<div class=\"elementor-element elementor-element-a163f8e elementor-widget__width-initial elementor-widget elementor-widget-accordion\" data-id=\"a163f8e\" data-element_type=\"widget\" data-e-type=\"widget\" data-widget_type=\"accordion.default\">\n\t\t\t\t<div class=\"elementor-widget-container\">\n\t\t\t\t\t\t\t<div class=\"elementor-accordion\">\n\t\t\t\t\t\t\t<div class=\"elementor-accordion-item\">\n\t\t\t\t\t<div id=\"elementor-tab-title-1691\" class=\"elementor-tab-title\" data-tab=\"1\" role=\"button\" aria-controls=\"elementor-tab-content-1691\" aria-expanded=\"false\">\n\t\t\t\t\t\t\t\t\t\t\t\t\t<span class=\"elementor-accordion-icon elementor-accordion-icon-right\" aria-hidden=\"true\">\n\t\t\t\t\t\t\t\t\t\t\t\t\t\t\t<span class=\"elementor-accordion-icon-closed\"><i class=\"mdi mdi-keyboard-arrow-up\"><\/i><\/span>\n\t\t\t\t\t\t\t\t<span class=\"elementor-accordion-icon-opened\"><i class=\"mdi mdi-keyboard-arrow-down\"><\/i><\/span>\n\t\t\t\t\t\t\t\t\t\t\t\t\t\t<\/span>\n\t\t\t\t\t\t\t\t\t\t\t\t<a class=\"elementor-accordion-title\" tabindex=\"0\">Quando deve procurar uma urg\u00eancia?<\/a>\n\t\t\t\t\t<\/div>\n\t\t\t\t\t<div id=\"elementor-tab-content-1691\" class=\"elementor-tab-content elementor-clearfix\" data-tab=\"1\" role=\"region\" aria-labelledby=\"elementor-tab-title-1691\"><p>D\u00e8s que la douleur est intense, que votre visage gonfle, ou qu&#8217;une dent se casse. Ces situations ne peuvent pas attendre plusieurs jours.<\/p>\n<p>Les signes qui demandent une prise en charge rapide :<\/p>\n<ul>\n<li><strong>Douleur dentaire forte<\/strong> qui ne passe pas, m\u00eame avec des antidouleurs<\/li>\n<li><strong>Gonflement de la joue ou de la gencive<\/strong> \u2014 signe possible d&#8217;infection ou d&#8217;abc\u00e8s<\/li>\n<li><strong>Dent cass\u00e9e ou d\u00e9coll\u00e9e<\/strong> apr\u00e8s un choc ou un accident<\/li>\n<li><strong>Saignement important<\/strong> qui ne s&#8217;arr\u00eate pas<\/li>\n<li><strong>Fi\u00e8vre accompagn\u00e9e d&#8217;une douleur dentaire<\/strong> \u2014 c&#8217;est toujours urgent<\/li>\n<\/ul>\n<p>En cas de doute : appelez. On \u00e9value avec vous en quelques minutes. \ud83d\udcde <strong>+352 261270<\/strong><\/p>\n<\/div>\n\t\t\t\t<\/div>\n\t\t\t\t\t\t\t<div class=\"elementor-accordion-item\">\n\t\t\t\t\t<div id=\"elementor-tab-title-1692\" class=\"elementor-tab-title\" data-tab=\"2\" role=\"button\" aria-controls=\"elementor-tab-content-1692\" aria-expanded=\"false\">\n\t\t\t\t\t\t\t\t\t\t\t\t\t<span class=\"elementor-accordion-icon elementor-accordion-icon-right\" aria-hidden=\"true\">\n\t\t\t\t\t\t\t\t\t\t\t\t\t\t\t<span class=\"elementor-accordion-icon-closed\"><i class=\"mdi mdi-keyboard-arrow-up\"><\/i><\/span>\n\t\t\t\t\t\t\t\t<span class=\"elementor-accordion-icon-opened\"><i class=\"mdi mdi-keyboard-arrow-down\"><\/i><\/span>\n\t\t\t\t\t\t\t\t\t\t\t\t\t\t<\/span>\n\t\t\t\t\t\t\t\t\t\t\t\t<a class=\"elementor-accordion-title\" tabindex=\"0\">J'ai mal \u00e0 une dent. Est-ce que c'est grave ?<\/a>\n\t\t\t\t\t<\/div>\n\t\t\t\t\t<div id=\"elementor-tab-content-1692\" class=\"elementor-tab-content elementor-clearfix\" data-tab=\"2\" role=\"region\" aria-labelledby=\"elementor-tab-title-1692\"><p>\u00c7a d\u00e9pend du type de douleur.<\/p>\n<p>Une l\u00e9g\u00e8re sensibilit\u00e9 au froid ou au chaud peut indiquer une carie d\u00e9butante ou des gencives un peu r\u00e9tract\u00e9es. Une douleur forte, spontan\u00e9e, qui irradie vers la m\u00e2choire ou l&#8217;oreille \u2014 c&#8217;est plus s\u00e9rieux. Une douleur pulsatile qui ne l\u00e2che pas la nuit, c&#8217;est souvent un nerf atteint ou un d\u00e9but d&#8217;abc\u00e8s.<\/p>\n<p>Dans tous les cas : <strong>ne laissez pas tra\u00eener<\/strong>. Une douleur dentaire qui dure ne se r\u00e8gle pas toute seule. Elle s&#8217;aggrave, souvent.<\/p>\n<p>Appelez-nous pour qu&#8217;on \u00e9value la situation : <strong>+352 261270<\/strong>.<\/p>\n<\/div>\n\t\t\t\t<\/div>\n\t\t\t\t\t\t\t<div class=\"elementor-accordion-item\">\n\t\t\t\t\t<div id=\"elementor-tab-title-1693\" class=\"elementor-tab-title\" data-tab=\"3\" role=\"button\" aria-controls=\"elementor-tab-content-1693\" aria-expanded=\"false\">\n\t\t\t\t\t\t\t\t\t\t\t\t\t<span class=\"elementor-accordion-icon elementor-accordion-icon-right\" aria-hidden=\"true\">\n\t\t\t\t\t\t\t\t\t\t\t\t\t\t\t<span class=\"elementor-accordion-icon-closed\"><i class=\"mdi mdi-keyboard-arrow-up\"><\/i><\/span>\n\t\t\t\t\t\t\t\t<span class=\"elementor-accordion-icon-opened\"><i class=\"mdi mdi-keyboard-arrow-down\"><\/i><\/span>\n\t\t\t\t\t\t\t\t\t\t\t\t\t\t<\/span>\n\t\t\t\t\t\t\t\t\t\t\t\t<a class=\"elementor-accordion-title\" tabindex=\"0\">Est-ce que Dental Med prend en charge les urgences le soir ?<\/a>\n\t\t\t\t\t<\/div>\n\t\t\t\t\t<div id=\"elementor-tab-content-1693\" class=\"elementor-tab-content elementor-clearfix\" data-tab=\"3\" role=\"region\" aria-labelledby=\"elementor-tab-title-1693\"><p>Oui. Le cabinet est ouvert <strong>jusqu&#8217;\u00e0 21h<\/strong>. Si vous avez une urgence dentaire en fin de journ\u00e9e ou en soir\u00e9e, appelez directement. On fait notre maximum pour vous recevoir le jour m\u00eame ou le lendemain selon la situation.<\/p>\n<\/div>\n\t\t\t\t<\/div>\n\t\t\t\t\t\t\t<div class=\"elementor-accordion-item\">\n\t\t\t\t\t<div id=\"elementor-tab-title-1694\" class=\"elementor-tab-title\" data-tab=\"4\" role=\"button\" aria-controls=\"elementor-tab-content-1694\" aria-expanded=\"false\">\n\t\t\t\t\t\t\t\t\t\t\t\t\t<span class=\"elementor-accordion-icon elementor-accordion-icon-right\" aria-hidden=\"true\">\n\t\t\t\t\t\t\t\t\t\t\t\t\t\t\t<span class=\"elementor-accordion-icon-closed\"><i class=\"mdi mdi-keyboard-arrow-up\"><\/i><\/span>\n\t\t\t\t\t\t\t\t<span class=\"elementor-accordion-icon-opened\"><i class=\"mdi mdi-keyboard-arrow-down\"><\/i><\/span>\n\t\t\t\t\t\t\t\t\t\t\t\t\t\t<\/span>\n\t\t\t\t\t\t\t\t\t\t\t\t<a class=\"elementor-accordion-title\" tabindex=\"0\">Les enfants sont-ils accept\u00e9s au cabinet ?<\/a>\n\t\t\t\t\t<\/div>\n\t\t\t\t\t<div id=\"elementor-tab-content-1694\" class=\"elementor-tab-content elementor-clearfix\" data-tab=\"4\" role=\"region\" aria-labelledby=\"elementor-tab-title-1694\"><p>Oui. Dental Med re\u00e7oit les enfants comme les adultes.<\/p>\n<p>La premi\u00e8re visite se passe en douceur \u2014 on prend le temps de les mettre \u00e0 l&#8217;aise avant tout soin. On explique, on montre, on laisse l&#8217;enfant s&#8217;habituer \u00e0 l&#8217;environnement.<\/p>\n<p>Il n&#8217;y a pas d&#8217;\u00e2ge minimum pour une premi\u00e8re consultation. Beaucoup de praticiens recommandent une premi\u00e8re visite autour de 2-3 ans, quand les dents de lait sont toutes l\u00e0. Mais si votre enfant n&#8217;est encore jamais venu \u2014 peu importe son \u00e2ge \u2014 c&#8217;est le bon moment.<\/p>\n<\/div>\n\t\t\t\t<\/div>\n\t\t\t\t\t\t\t<div class=\"elementor-accordion-item\">\n\t\t\t\t\t<div id=\"elementor-tab-title-1695\" class=\"elementor-tab-title\" data-tab=\"5\" role=\"button\" aria-controls=\"elementor-tab-content-1695\" aria-expanded=\"false\">\n\t\t\t\t\t\t\t\t\t\t\t\t\t<span class=\"elementor-accordion-icon elementor-accordion-icon-right\" aria-hidden=\"true\">\n\t\t\t\t\t\t\t\t\t\t\t\t\t\t\t<span class=\"elementor-accordion-icon-closed\"><i class=\"mdi mdi-keyboard-arrow-up\"><\/i><\/span>\n\t\t\t\t\t\t\t\t<span class=\"elementor-accordion-icon-opened\"><i class=\"mdi mdi-keyboard-arrow-down\"><\/i><\/span>\n\t\t\t\t\t\t\t\t\t\t\t\t\t\t<\/span>\n\t\t\t\t\t\t\t\t\t\t\t\t<a class=\"elementor-accordion-title\" tabindex=\"0\">Est-ce que vous faites le d\u00e9tartrage au cabinet ?<\/a>\n\t\t\t\t\t<\/div>\n\t\t\t\t\t<div id=\"elementor-tab-content-1695\" class=\"elementor-tab-content elementor-clearfix\" data-tab=\"5\" role=\"region\" aria-labelledby=\"elementor-tab-title-1695\"><p>Oui. Le d\u00e9tartrage fait partie des soins r\u00e9alis\u00e9s r\u00e9guli\u00e8rement chez Dental Med.<\/p>\n<p>Il se d\u00e9roule en deux temps : \u00e9limination du tartre aux ultrasons, puis polissage des surfaces dentaires. Le soin dure g\u00e9n\u00e9ralement entre 30 et 45 minutes selon la quantit\u00e9 de tartre pr\u00e9sente.<\/p>\n<p>Un \u00e0 deux d\u00e9tartrages par an suffisent dans la plupart des cas. Le dentiste \u00e9value la fr\u00e9quence adapt\u00e9e \u00e0 votre situation lors du bilan.<\/p>\n<\/div>\n\t\t\t\t<\/div>\n\t\t\t\t\t\t\t<div class=\"elementor-accordion-item\">\n\t\t\t\t\t<div id=\"elementor-tab-title-1696\" class=\"elementor-tab-title\" data-tab=\"6\" role=\"button\" aria-controls=\"elementor-tab-content-1696\" aria-expanded=\"false\">\n\t\t\t\t\t\t\t\t\t\t\t\t\t<span class=\"elementor-accordion-icon elementor-accordion-icon-right\" aria-hidden=\"true\">\n\t\t\t\t\t\t\t\t\t\t\t\t\t\t\t<span class=\"elementor-accordion-icon-closed\"><i class=\"mdi mdi-keyboard-arrow-up\"><\/i><\/span>\n\t\t\t\t\t\t\t\t<span class=\"elementor-accordion-icon-opened\"><i class=\"mdi mdi-keyboard-arrow-down\"><\/i><\/span>\n\t\t\t\t\t\t\t\t\t\t\t\t\t\t<\/span>\n\t\t\t\t\t\t\t\t\t\t\t\t<a class=\"elementor-accordion-title\" tabindex=\"0\">Vous proposez le blanchiment des dents ?<\/a>\n\t\t\t\t\t<\/div>\n\t\t\t\t\t<div id=\"elementor-tab-content-1696\" class=\"elementor-tab-content elementor-clearfix\" data-tab=\"6\" role=\"region\" aria-labelledby=\"elementor-tab-title-1696\"><p>Oui. Dental Med propose un <strong>blanchiment dentaire par goutti\u00e8res sur mesure<\/strong>.<\/p>\n<p>Les goutti\u00e8res sont fabriqu\u00e9es \u00e0 partir d&#8217;empreintes de vos dents. Le traitement se fait \u00e0 domicile, sur deux \u00e0 trois semaines, avec un gel fourni par le cabinet. R\u00e9sultat : deux \u00e0 quatre teintes plus clair, de fa\u00e7on progressive et naturelle.<\/p>\n<p>Un bilan pr\u00e9alable est n\u00e9cessaire pour v\u00e9rifier que vos dents sont pr\u00eates pour le traitement.<\/p>\n<\/div>\n\t\t\t\t<\/div>\n\t\t\t\t\t\t\t<div class=\"elementor-accordion-item\">\n\t\t\t\t\t<div id=\"elementor-tab-title-1697\" class=\"elementor-tab-title\" data-tab=\"7\" role=\"button\" aria-controls=\"elementor-tab-content-1697\" aria-expanded=\"false\">\n\t\t\t\t\t\t\t\t\t\t\t\t\t<span class=\"elementor-accordion-icon elementor-accordion-icon-right\" aria-hidden=\"true\">\n\t\t\t\t\t\t\t\t\t\t\t\t\t\t\t<span class=\"elementor-accordion-icon-closed\"><i class=\"mdi mdi-keyboard-arrow-up\"><\/i><\/span>\n\t\t\t\t\t\t\t\t<span class=\"elementor-accordion-icon-opened\"><i class=\"mdi mdi-keyboard-arrow-down\"><\/i><\/span>\n\t\t\t\t\t\t\t\t\t\t\t\t\t\t<\/span>\n\t\t\t\t\t\t\t\t\t\t\t\t<a class=\"elementor-accordion-title\" tabindex=\"0\">Quels sont les horaires du cabinet Dental Med ?<\/a>\n\t\t\t\t\t<\/div>\n\t\t\t\t\t<div id=\"elementor-tab-content-1697\" class=\"elementor-tab-content elementor-clearfix\" data-tab=\"7\" role=\"region\" aria-labelledby=\"elementor-tab-title-1697\"><p>Le cabinet est ouvert <strong>du lundi au vendredi jusqu&#8217;\u00e0 21h<\/strong>. Pour le <strong>samedi et le dimanche<\/strong> nous recevons de <strong>09h00 &#8211; 17h00<\/strong> \u00a0journ\u00e9e.<\/p>\n<p>Les horaires peuvent varier selon les semaines \u2014 un appel au \ud83d\udcde <strong>+352 261270\u00a0<\/strong>reste le moyen le plus fiable pour obtenir les disponibilit\u00e9s exactes.<\/p>\n<\/div>\n\t\t\t\t<\/div>\n\t\t\t\t\t\t\t<div class=\"elementor-accordion-item\">\n\t\t\t\t\t<div id=\"elementor-tab-title-1698\" class=\"elementor-tab-title\" data-tab=\"8\" role=\"button\" aria-controls=\"elementor-tab-content-1698\" aria-expanded=\"false\">\n\t\t\t\t\t\t\t\t\t\t\t\t\t<span class=\"elementor-accordion-icon elementor-accordion-icon-right\" aria-hidden=\"true\">\n\t\t\t\t\t\t\t\t\t\t\t\t\t\t\t<span class=\"elementor-accordion-icon-closed\"><i class=\"mdi mdi-keyboard-arrow-up\"><\/i><\/span>\n\t\t\t\t\t\t\t\t<span class=\"elementor-accordion-icon-opened\"><i class=\"mdi mdi-keyboard-arrow-down\"><\/i><\/span>\n\t\t\t\t\t\t\t\t\t\t\t\t\t\t<\/span>\n\t\t\t\t\t\t\t\t\t\t\t\t<a class=\"elementor-accordion-title\" tabindex=\"0\">Comment prendre rendez-vous chez Dental Med ?<\/a>\n\t\t\t\t\t<\/div>\n\t\t\t\t\t<div id=\"elementor-tab-content-1698\" class=\"elementor-tab-content elementor-clearfix\" data-tab=\"8\" role=\"region\" aria-labelledby=\"elementor-tab-title-1698\"><p>Par t\u00e9l\u00e9phone, directement : \ud83d\udcde <strong>+352 261270<\/strong><\/p>\n<p>Pr\u00e9cisez la raison de votre visite \u2014 soin courant, urgence, premier bilan, d\u00e9tartrage. On vous propose un cr\u00e9neau adapt\u00e9, y compris en soir\u00e9e si vous ne pouvez pas vous lib\u00e9rer en journ\u00e9e.<\/p>\n<\/div>\n\t\t\t\t<\/div>\n\t\t\t\t\t\t\t<div class=\"elementor-accordion-item\">\n\t\t\t\t\t<div id=\"elementor-tab-title-1699\" class=\"elementor-tab-title\" data-tab=\"9\" role=\"button\" aria-controls=\"elementor-tab-content-1699\" aria-expanded=\"false\">\n\t\t\t\t\t\t\t\t\t\t\t\t\t<span class=\"elementor-accordion-icon elementor-accordion-icon-right\" aria-hidden=\"true\">\n\t\t\t\t\t\t\t\t\t\t\t\t\t\t\t<span class=\"elementor-accordion-icon-closed\"><i class=\"mdi mdi-keyboard-arrow-up\"><\/i><\/span>\n\t\t\t\t\t\t\t\t<span class=\"elementor-accordion-icon-opened\"><i class=\"mdi mdi-keyboard-arrow-down\"><\/i><\/span>\n\t\t\t\t\t\t\t\t\t\t\t\t\t\t<\/span>\n\t\t\t\t\t\t\t\t\t\t\t\t<a class=\"elementor-accordion-title\" tabindex=\"0\">Vous \u00eates o\u00f9 exactement ?<\/a>\n\t\t\t\t\t<\/div>\n\t\t\t\t\t<div id=\"elementor-tab-content-1699\" class=\"elementor-tab-content elementor-clearfix\" data-tab=\"9\" role=\"region\" aria-labelledby=\"elementor-tab-title-1699\"><p>\ud83d\udccd <strong>122, Route D&#8217;Arlon L-1150 Luxembourg<\/strong>\u00a0Quartier Rollingergrund \/ Belair-Nord.<\/p>\n<p>Accessible depuis Belair, Strassen, et les quartiers voisins. Parking possible aux alentours. Accessible en transports en commun.<\/p>\n<\/div>\n\t\t\t\t<\/div>\n\t\t\t\t\t\t\t<div class=\"elementor-accordion-item\">\n\t\t\t\t\t<div id=\"elementor-tab-title-16910\" class=\"elementor-tab-title\" data-tab=\"10\" role=\"button\" aria-controls=\"elementor-tab-content-16910\" aria-expanded=\"false\">\n\t\t\t\t\t\t\t\t\t\t\t\t\t<span class=\"elementor-accordion-icon elementor-accordion-icon-right\" aria-hidden=\"true\">\n\t\t\t\t\t\t\t\t\t\t\t\t\t\t\t<span class=\"elementor-accordion-icon-closed\"><i class=\"mdi mdi-keyboard-arrow-up\"><\/i><\/span>\n\t\t\t\t\t\t\t\t<span class=\"elementor-accordion-icon-opened\"><i class=\"mdi mdi-keyboard-arrow-down\"><\/i><\/span>\n\t\t\t\t\t\t\t\t\t\t\t\t\t\t<\/span>\n\t\t\t\t\t\t\t\t\t\t\t\t<a class=\"elementor-accordion-title\" tabindex=\"0\">Vous n'avez pas trouv\u00e9 la r\u00e9ponse \u00e0 votre question ?<\/a>\n\t\t\t\t\t<\/div>\n\t\t\t\t\t<div id=\"elementor-tab-content-16910\" class=\"elementor-tab-content elementor-clearfix\" data-tab=\"10\" role=\"region\" aria-labelledby=\"elementor-tab-title-16910\"><p>Appelez-nous directement \u2014 on r\u00e9pond simplement.<\/p>\n<p>\ud83d\udcde<strong> +352 261270<\/strong>\u00a0\ud83d\udd58 <strong>Ouvert jusqu&#8217;\u00e0 21h<\/strong><\/p>\n<\/div>\n\t\t\t\t<\/div>\n\t\t\t\t\t\t\t\t<\/div>\n\t\t\t\t\t\t<\/div>\n\t\t\t\t<\/div>\n\t\t\t\t\t<\/div>\n\t\t<\/div>\n\t\t\t\t\t<\/div>\n\t\t<\/section>\n\t\t\t\t<\/div>\n\t\t","protected":false},"excerpt":{"rendered":"<p>Perguntas Frequentes Cl\u00ednica Dental Med no Luxemburgo Tem alguma quest\u00e3o antes de marcar uma consulta? Aqui encontrar\u00e1 as respostas \u00e0s perguntas que nos s\u00e3o feitas com mais frequ\u00eancia. E se a sua quest\u00e3o n\u00e3o estiver aqui \u2014 ligue-nos diretamente: +352 261270. Quando deve procurar uma urg\u00eancia? D\u00e8s que la douleur est intense, que votre visage [&hellip;]<\/p>\n","protected":false},"author":1,"featured_media":0,"parent":0,"menu_order":9,"comment_status":"closed","ping_status":"closed","template":"","meta":{"_acf_changed":false,"inline_featured_image":false,"footnotes":""},"class_list":["post-1996","page","type-page","status-publish","hentry"],"acf":[],"yoast_head":"<!-- This site is optimized with the Yoast SEO plugin v27.4 - https:\/\/yoast.com\/product\/yoast-seo-wordpress\/ -->\n<title>Perguntas Frequentes | Cl\u00ednica Dent\u00e1ria Dental Med, Luxemburgo<\/title>\n<meta name=\"description\" content=\"Hor\u00e1rios, urg\u00eancias, cuidados infantis, destartariza\u00e7\u00e3o, marca\u00e7\u00e3o de consultas: encontre todas as respostas \u00e0s perguntas frequentes sobre a cl\u00ednica Dental Med no Luxemburgo.\" \/>\n<meta name=\"robots\" content=\"index, follow, max-snippet:-1, max-image-preview:large, max-video-preview:-1\" \/>\n<link rel=\"canonical\" href=\"https:\/\/www.dentalmed.lu\/pt-pt\/perguntas-frequentes\/\" \/>\n<meta property=\"og:locale\" content=\"pt_PT\" \/>\n<meta property=\"og:type\" content=\"article\" \/>\n<meta property=\"og:title\" content=\"Perguntas Frequentes | Cl\u00ednica Dent\u00e1ria Dental Med, Luxemburgo\" \/>\n<meta property=\"og:description\" content=\"Hor\u00e1rios, urg\u00eancias, cuidados infantis, destartariza\u00e7\u00e3o, marca\u00e7\u00e3o de consultas: encontre todas as respostas \u00e0s perguntas frequentes sobre a cl\u00ednica Dental Med no Luxemburgo.\" \/>\n<meta property=\"og:url\" content=\"https:\/\/www.dentalmed.lu\/pt-pt\/perguntas-frequentes\/\" \/>\n<meta property=\"og:site_name\" content=\"Dental Med Luxembourg\" \/>\n<meta property=\"article:modified_time\" content=\"2026-04-29T18:55:01+00:00\" \/>\n<meta name=\"twitter:card\" content=\"summary_large_image\" \/>\n<meta name=\"twitter:label1\" content=\"Tempo estimado de leitura\" \/>\n\t<meta name=\"twitter:data1\" content=\"4 minutos\" \/>\n<script type=\"application\/ld+json\" class=\"yoast-schema-graph\">{\"@context\":\"https:\\\/\\\/schema.org\",\"@graph\":[{\"@type\":\"WebPage\",\"@id\":\"https:\\\/\\\/www.dentalmed.lu\\\/pt-pt\\\/perguntas-frequentes\\\/\",\"url\":\"https:\\\/\\\/www.dentalmed.lu\\\/pt-pt\\\/perguntas-frequentes\\\/\",\"name\":\"Perguntas Frequentes | Cl\u00ednica Dent\u00e1ria Dental Med, Luxemburgo\",\"isPartOf\":{\"@id\":\"https:\\\/\\\/www.dentalmed.lu\\\/pt-pt\\\/#website\"},\"datePublished\":\"2023-09-27T03:45:07+00:00\",\"dateModified\":\"2026-04-29T18:55:01+00:00\",\"description\":\"Hor\u00e1rios, urg\u00eancias, cuidados infantis, destartariza\u00e7\u00e3o, marca\u00e7\u00e3o de consultas: encontre todas as respostas \u00e0s perguntas frequentes sobre a cl\u00ednica Dental Med no Luxemburgo.\",\"breadcrumb\":{\"@id\":\"https:\\\/\\\/www.dentalmed.lu\\\/pt-pt\\\/perguntas-frequentes\\\/#breadcrumb\"},\"inLanguage\":\"pt-PT\",\"potentialAction\":[{\"@type\":\"ReadAction\",\"target\":[\"https:\\\/\\\/www.dentalmed.lu\\\/pt-pt\\\/perguntas-frequentes\\\/\"]}]},{\"@type\":\"BreadcrumbList\",\"@id\":\"https:\\\/\\\/www.dentalmed.lu\\\/pt-pt\\\/perguntas-frequentes\\\/#breadcrumb\",\"itemListElement\":[{\"@type\":\"ListItem\",\"position\":1,\"name\":\"Accueil\",\"item\":\"https:\\\/\\\/www.dentalmed.lu\\\/pt-pt\\\/homepage-13\\\/\"},{\"@type\":\"ListItem\",\"position\":2,\"name\":\"Perguntas Frequentes\"}]},{\"@type\":\"WebSite\",\"@id\":\"https:\\\/\\\/www.dentalmed.lu\\\/pt-pt\\\/#website\",\"url\":\"https:\\\/\\\/www.dentalmed.lu\\\/pt-pt\\\/\",\"name\":\"Dental Med Luxembourg\",\"description\":\"Soins, Urgences &amp; Horaires Tardifs\",\"potentialAction\":[{\"@type\":\"SearchAction\",\"target\":{\"@type\":\"EntryPoint\",\"urlTemplate\":\"https:\\\/\\\/www.dentalmed.lu\\\/pt-pt\\\/?s={search_term_string}\"},\"query-input\":{\"@type\":\"PropertyValueSpecification\",\"valueRequired\":true,\"valueName\":\"search_term_string\"}}],\"inLanguage\":\"pt-PT\"}]}<\/script>\n<!-- \/ Yoast SEO plugin. -->","yoast_head_json":{"title":"Perguntas Frequentes | Cl\u00ednica Dent\u00e1ria Dental Med, Luxemburgo","description":"Hor\u00e1rios, urg\u00eancias, cuidados infantis, destartariza\u00e7\u00e3o, marca\u00e7\u00e3o de consultas: encontre todas as respostas \u00e0s perguntas frequentes sobre a cl\u00ednica Dental Med no Luxemburgo.","robots":{"index":"index","follow":"follow","max-snippet":"max-snippet:-1","max-image-preview":"max-image-preview:large","max-video-preview":"max-video-preview:-1"},"canonical":"https:\/\/www.dentalmed.lu\/pt-pt\/perguntas-frequentes\/","og_locale":"pt_PT","og_type":"article","og_title":"Perguntas Frequentes | Cl\u00ednica Dent\u00e1ria Dental Med, Luxemburgo","og_description":"Hor\u00e1rios, urg\u00eancias, cuidados infantis, destartariza\u00e7\u00e3o, marca\u00e7\u00e3o de consultas: encontre todas as respostas \u00e0s perguntas frequentes sobre a cl\u00ednica Dental Med no Luxemburgo.","og_url":"https:\/\/www.dentalmed.lu\/pt-pt\/perguntas-frequentes\/","og_site_name":"Dental Med Luxembourg","article_modified_time":"2026-04-29T18:55:01+00:00","twitter_card":"summary_large_image","twitter_misc":{"Tempo estimado de leitura":"4 minutos"},"schema":{"@context":"https:\/\/schema.org","@graph":[{"@type":"WebPage","@id":"https:\/\/www.dentalmed.lu\/pt-pt\/perguntas-frequentes\/","url":"https:\/\/www.dentalmed.lu\/pt-pt\/perguntas-frequentes\/","name":"Perguntas Frequentes | Cl\u00ednica Dent\u00e1ria Dental Med, Luxemburgo","isPartOf":{"@id":"https:\/\/www.dentalmed.lu\/pt-pt\/#website"},"datePublished":"2023-09-27T03:45:07+00:00","dateModified":"2026-04-29T18:55:01+00:00","description":"Hor\u00e1rios, urg\u00eancias, cuidados infantis, destartariza\u00e7\u00e3o, marca\u00e7\u00e3o de consultas: encontre todas as respostas \u00e0s perguntas frequentes sobre a cl\u00ednica Dental Med no Luxemburgo.","breadcrumb":{"@id":"https:\/\/www.dentalmed.lu\/pt-pt\/perguntas-frequentes\/#breadcrumb"},"inLanguage":"pt-PT","potentialAction":[{"@type":"ReadAction","target":["https:\/\/www.dentalmed.lu\/pt-pt\/perguntas-frequentes\/"]}]},{"@type":"BreadcrumbList","@id":"https:\/\/www.dentalmed.lu\/pt-pt\/perguntas-frequentes\/#breadcrumb","itemListElement":[{"@type":"ListItem","position":1,"name":"Accueil","item":"https:\/\/www.dentalmed.lu\/pt-pt\/homepage-13\/"},{"@type":"ListItem","position":2,"name":"Perguntas Frequentes"}]},{"@type":"WebSite","@id":"https:\/\/www.dentalmed.lu\/pt-pt\/#website","url":"https:\/\/www.dentalmed.lu\/pt-pt\/","name":"Dental Med Luxembourg","description":"Soins, Urgences &amp; Horaires Tardifs","potentialAction":[{"@type":"SearchAction","target":{"@type":"EntryPoint","urlTemplate":"https:\/\/www.dentalmed.lu\/pt-pt\/?s={search_term_string}"},"query-input":{"@type":"PropertyValueSpecification","valueRequired":true,"valueName":"search_term_string"}}],"inLanguage":"pt-PT"}]}},"_links":{"self":[{"href":"https:\/\/www.dentalmed.lu\/pt-pt\/wp-json\/wp\/v2\/pages\/1996","targetHints":{"allow":["GET"]}}],"collection":[{"href":"https:\/\/www.dentalmed.lu\/pt-pt\/wp-json\/wp\/v2\/pages"}],"about":[{"href":"https:\/\/www.dentalmed.lu\/pt-pt\/wp-json\/wp\/v2\/types\/page"}],"author":[{"embeddable":true,"href":"https:\/\/www.dentalmed.lu\/pt-pt\/wp-json\/wp\/v2\/users\/1"}],"replies":[{"embeddable":true,"href":"https:\/\/www.dentalmed.lu\/pt-pt\/wp-json\/wp\/v2\/comments?post=1996"}],"version-history":[{"count":1,"href":"https:\/\/www.dentalmed.lu\/pt-pt\/wp-json\/wp\/v2\/pages\/1996\/revisions"}],"predecessor-version":[{"id":1997,"href":"https:\/\/www.dentalmed.lu\/pt-pt\/wp-json\/wp\/v2\/pages\/1996\/revisions\/1997"}],"wp:attachment":[{"href":"https:\/\/www.dentalmed.lu\/pt-pt\/wp-json\/wp\/v2\/media?parent=1996"}],"curies":[{"name":"wp","href":"https:\/\/api.w.org\/{rel}","templated":true}]}}